{"id":1440,"date":"2025-07-31T17:42:17","date_gmt":"2025-07-31T17:42:17","guid":{"rendered":"https:\/\/joyasnehgne.cl\/wp3\/?post_type=product&#038;p=1440"},"modified":"2026-02-20T18:16:29","modified_gmt":"2026-02-20T18:16:29","slug":"anillo-de-oro-18k-anl117","status":"publish","type":"product","link":"https:\/\/joyasnehgne.cl\/wp3\/product\/anillo-de-oro-18k-anl117\/","title":{"rendered":"ANILLO DE ORO 18K ANL117"},"content":{"rendered":"<p>Imponente anillo de oro 18 kilates con un \u00f3nix central facetado<\/p>\n<p>Tama\u00f1o piedra central de 6x4MM aprox.<\/p>\n<p>Peso 6,7 gramos aproximado<\/p>\n<p>Hecho en Chile<\/p>\n<p>Se personaliza, duraci\u00f3n confecci\u00f3n 7 d\u00edas h\u00e1biles<\/p>\n<p>Enviamos a todo Chile o puede ser retirado desde nuestro Showroom ubicado en Providencia previa cita al +56992201582<\/p>\n<p>&nbsp;<\/p>\n<p>Enviamos a todo Chile<\/p>\n<p>&nbsp;<\/p>\n","protected":false},"excerpt":{"rendered":"<p>Imponente anillo de oro 18 kilates con un \u00f3nix central facetado Tama\u00f1o piedra central de 6x4MM aprox. Peso 6,7 gramos aproximado Hecho en Chile Se personaliza, duraci\u00f3n confecci\u00f3n 7 d\u00edas h\u00e1biles Enviamos a todo Chile o puede ser retirado desde nuestro Showroom ubicado en Providencia previa cita al +56992201582 &nbsp; Enviamos a todo Chile &nbsp;<\/p>\n","protected":false},"featured_media":1441,"template":"","meta":{"pagelayer_contact_templates":[],"_pagelayer_content":""},"product_brand":[],"product_cat":[25,24],"product_tag":[],"class_list":{"0":"post-1440","1":"product","2":"type-product","3":"status-publish","4":"has-post-thumbnail","6":"product_cat-anillosdeoro","7":"product_cat-joyasdeoro","9":"first","10":"instock","11":"shipping-taxable","12":"purchasable","13":"product-type-simple"},"_links":{"self":[{"href":"https:\/\/joyasnehgne.cl\/wp3\/wp-json\/wp\/v2\/product\/1440","targetHints":{"allow":["GET"]}}],"collection":[{"href":"https:\/\/joyasnehgne.cl\/wp3\/wp-json\/wp\/v2\/product"}],"about":[{"href":"https:\/\/joyasnehgne.cl\/wp3\/wp-json\/wp\/v2\/types\/product"}],"wp:featuredmedia":[{"embeddable":true,"href":"https:\/\/joyasnehgne.cl\/wp3\/wp-json\/wp\/v2\/media\/1441"}],"wp:attachment":[{"href":"https:\/\/joyasnehgne.cl\/wp3\/wp-json\/wp\/v2\/media?parent=1440"}],"wp:term":[{"taxonomy":"product_brand","embeddable":true,"href":"https:\/\/joyasnehgne.cl\/wp3\/wp-json\/wp\/v2\/product_brand?post=1440"},{"taxonomy":"product_cat","embeddable":true,"href":"https:\/\/joyasnehgne.cl\/wp3\/wp-json\/wp\/v2\/product_cat?post=1440"},{"taxonomy":"product_tag","embeddable":true,"href":"https:\/\/joyasnehgne.cl\/wp3\/wp-json\/wp\/v2\/product_tag?post=1440"}],"curies":[{"name":"wp","href":"https:\/\/api.w.org\/{rel}","templated":true}]}}