{"id":1259,"date":"2025-05-30T19:33:21","date_gmt":"2025-05-30T19:33:21","guid":{"rendered":"https:\/\/joyasnehgne.cl\/wp3\/?post_type=product&#038;p=1259"},"modified":"2026-01-25T23:37:19","modified_gmt":"2026-01-25T23:37:19","slug":"charms-plata-chp014","status":"publish","type":"product","link":"https:\/\/joyasnehgne.cl\/wp3\/product\/charms-plata-chp014\/","title":{"rendered":"CHARMS PLATA CHP014"},"content":{"rendered":"<p>Delicado Colgante de plata ideal para tu pulsera<\/p>\n<p>Es un hermoso coraz\u00f3n con alas\u00a0 el cuan tiene incrustados circones<\/p>\n<p>Mide Total 2,0 CM de largo y de ancho 1,2 CM<\/p>\n<p>***Valor no incluye pulsera, solo colgante***<\/p>\n<p>En la cultura popular, el coraz\u00f3n con alas se ha utilizado para expresar el sentimiento de estar\u00a0<strong>enamorado de tal manera que uno se siente elevado<\/strong>\u00a0o liberado de las ataduras cotidianas. Este s\u00edmbolo es com\u00fan en el arte, la literatura y la m\u00fasica, y ha sido adoptado por diversas subculturas y movimientos, desde el romanticismo hasta el modernismo, para representar la naturaleza et\u00e9rea y sublime del amor y el afecto.<\/p>\n<p>Enviamos a todo Chile o puede ser retirado desde nuestro Showroom ubicado en Providencia, previa cita al +56992201582<\/p>\n<p>&nbsp;<\/p>\n","protected":false},"excerpt":{"rendered":"<p>Delicado Colgante de plata ideal para tu pulsera Es un hermoso coraz\u00f3n con alas\u00a0 el cuan tiene incrustados circones Mide Total 2,0 CM de largo y de ancho 1,2 CM ***Valor no incluye pulsera, solo colgante*** En la cultura popular, el coraz\u00f3n con alas se ha utilizado para expresar el sentimiento de estar\u00a0enamorado de tal [&hellip;]<\/p>\n","protected":false},"featured_media":1260,"template":"","meta":{"pagelayer_contact_templates":[],"_pagelayer_content":""},"product_brand":[],"product_cat":[17,21],"product_tag":[],"class_list":{"0":"post-1259","1":"product","2":"type-product","3":"status-publish","4":"has-post-thumbnail","6":"product_cat-joyasdeplata","7":"product_cat-pulserasdeplata","9":"first","10":"instock","11":"sold-individually","12":"shipping-taxable","13":"purchasable","14":"product-type-simple"},"_links":{"self":[{"href":"https:\/\/joyasnehgne.cl\/wp3\/wp-json\/wp\/v2\/product\/1259","targetHints":{"allow":["GET"]}}],"collection":[{"href":"https:\/\/joyasnehgne.cl\/wp3\/wp-json\/wp\/v2\/product"}],"about":[{"href":"https:\/\/joyasnehgne.cl\/wp3\/wp-json\/wp\/v2\/types\/product"}],"wp:featuredmedia":[{"embeddable":true,"href":"https:\/\/joyasnehgne.cl\/wp3\/wp-json\/wp\/v2\/media\/1260"}],"wp:attachment":[{"href":"https:\/\/joyasnehgne.cl\/wp3\/wp-json\/wp\/v2\/media?parent=1259"}],"wp:term":[{"taxonomy":"product_brand","embeddable":true,"href":"https:\/\/joyasnehgne.cl\/wp3\/wp-json\/wp\/v2\/product_brand?post=1259"},{"taxonomy":"product_cat","embeddable":true,"href":"https:\/\/joyasnehgne.cl\/wp3\/wp-json\/wp\/v2\/product_cat?post=1259"},{"taxonomy":"product_tag","embeddable":true,"href":"https:\/\/joyasnehgne.cl\/wp3\/wp-json\/wp\/v2\/product_tag?post=1259"}],"curies":[{"name":"wp","href":"https:\/\/api.w.org\/{rel}","templated":true}]}}