{"id":1186,"date":"2025-04-26T18:32:43","date_gmt":"2025-04-26T18:32:43","guid":{"rendered":"https:\/\/joyasnehgne.cl\/wp3\/?post_type=product&#038;p=1186"},"modified":"2025-07-30T21:25:15","modified_gmt":"2025-07-30T21:25:15","slug":"colgante-oro-18k-ccp053","status":"publish","type":"product","link":"https:\/\/joyasnehgne.cl\/wp3\/product\/colgante-oro-18k-ccp053\/","title":{"rendered":"COLGANTE ORO 18K CCP053"},"content":{"rendered":"<p>Colgante de oro 18kilates y cornalina fucsia natural<\/p>\n<p>Modelo coraz\u00f3n pasi\u00f3n<\/p>\n<p>Hecho a mano por manos Chilenas<\/p>\n<p>Peso 7,4 gramos<\/p>\n<p>Tama\u00f1o coraz\u00f3n 2,7 x 2,7 CM Sin sumar el valiere<\/p>\n<p>***VALOR NO INCLUYE CADENA****<\/p>\n<p>Enviamos a todo Chile o puede ser retirado desde nuestro showroom ubicado en Providencia previa cita al +56992201582<\/p>\n<p>Sabias que la Cornalina Fucsia, <strong>\u00a0es una de las piedras que m\u00e1s pueden ayudarte a elevar tu autoestima<\/strong>. Tener confianza mas en ti mismo(a), esto va desde tener m\u00e1s confianza para emprender un negocio, un proyecto nuevo, cambiar de trabajo. O tener la confianza para declarar tu amor a esa persona que tanto te gusta<\/p>\n","protected":false},"excerpt":{"rendered":"<p>Colgante de oro 18kilates y cornalina fucsia natural Modelo coraz\u00f3n pasi\u00f3n Hecho a mano por manos Chilenas Peso 7,4 gramos Tama\u00f1o coraz\u00f3n 2,7 x 2,7 CM Sin sumar el valiere ***VALOR NO INCLUYE CADENA**** Enviamos a todo Chile o puede ser retirado desde nuestro showroom ubicado en Providencia previa cita al +56992201582 Sabias que la [&hellip;]<\/p>\n","protected":false},"featured_media":1187,"template":"","meta":{"pagelayer_contact_templates":[],"_pagelayer_content":""},"product_brand":[],"product_cat":[15,28,43,24],"product_tag":[],"class_list":{"0":"post-1186","1":"product","2":"type-product","3":"status-publish","4":"has-post-thumbnail","6":"product_cat-uncategorized","7":"product_cat-colgantesdeoro","8":"product_cat-disenos","9":"product_cat-joyasdeoro","11":"first","12":"instock","13":"shipping-taxable","14":"purchasable","15":"product-type-simple"},"_links":{"self":[{"href":"https:\/\/joyasnehgne.cl\/wp3\/wp-json\/wp\/v2\/product\/1186","targetHints":{"allow":["GET"]}}],"collection":[{"href":"https:\/\/joyasnehgne.cl\/wp3\/wp-json\/wp\/v2\/product"}],"about":[{"href":"https:\/\/joyasnehgne.cl\/wp3\/wp-json\/wp\/v2\/types\/product"}],"wp:featuredmedia":[{"embeddable":true,"href":"https:\/\/joyasnehgne.cl\/wp3\/wp-json\/wp\/v2\/media\/1187"}],"wp:attachment":[{"href":"https:\/\/joyasnehgne.cl\/wp3\/wp-json\/wp\/v2\/media?parent=1186"}],"wp:term":[{"taxonomy":"product_brand","embeddable":true,"href":"https:\/\/joyasnehgne.cl\/wp3\/wp-json\/wp\/v2\/product_brand?post=1186"},{"taxonomy":"product_cat","embeddable":true,"href":"https:\/\/joyasnehgne.cl\/wp3\/wp-json\/wp\/v2\/product_cat?post=1186"},{"taxonomy":"product_tag","embeddable":true,"href":"https:\/\/joyasnehgne.cl\/wp3\/wp-json\/wp\/v2\/product_tag?post=1186"}],"curies":[{"name":"wp","href":"https:\/\/api.w.org\/{rel}","templated":true}]}}