{"id":1026,"date":"2025-03-17T23:16:19","date_gmt":"2025-03-17T23:16:19","guid":{"rendered":"https:\/\/joyasnehgne.cl\/wp3\/?post_type=product&#038;p=1026"},"modified":"2026-02-20T19:07:04","modified_gmt":"2026-02-20T19:07:04","slug":"colgante-de-plata-cp170","status":"publish","type":"product","link":"https:\/\/joyasnehgne.cl\/wp3\/product\/colgante-de-plata-cp170\/","title":{"rendered":"COLGANTE DE PLATA CP170"},"content":{"rendered":"<p>Lindo colgante de plata 950, hecho a mano<\/p>\n<p>Por manos Chilenas<\/p>\n<p>Modelo \u00e1rbol de la vida<\/p>\n<p>Tama\u00f1o colgante 4 CM de Di\u00e1metro<\/p>\n<p>Espesor colgante 8 MM<\/p>\n<p>Peso colgante\u00a0 8,5 GRAMOS APROXIMADO<\/p>\n<p><a class=\"gs_mdlink\" tabindex=\"0\" href=\"https:\/\/www.bing.com\/ck\/a?!&amp;&amp;p=69a0230b5dab9f095a5292721b92a8cc54d8245dda664c03a81e5a11d3f86047JmltdHM9MTc0MjE2OTYwMA&amp;ptn=3&amp;ver=2&amp;hsh=4&amp;fclid=0f322afd-ed61-6e2a-33bd-3f68ecc46f40&amp;psq=significado+collar+arbol+de+la+vida&amp;u=a1aHR0cDovL2pveWVyaWF5bW9kYS5lcy9ibG9nL2NvbGdhbnRlLWFyYm9sLWRlLWxhLXZpZGEv&amp;ntb=1\" target=\"_blank\" rel=\"noopener\" aria-label=\"Ver origen en joyeriaymoda.es\"><span class=\"gs_cit_txt b_gs_hover\" data-sups=\"1,2,3\">El \u00e1rbol de la vida en un collar simboliza la energ\u00eda positiva que emana de la tierra y todo lo bueno que genera el \u00e1rbol, como la alimentaci\u00f3n a trav\u00e9s de sus frutos, la vivienda a trav\u00e9s de su protecci\u00f3n y la energ\u00eda beneficiosa al ser encarnaci\u00f3n del conocimiento. El s\u00edmbolo del \u00e1rbol de la vida indica el camino que se debe seguir para conseguir evolucionar y trascender, y est\u00e1 directamente asociado con el equilibrio entre las energ\u00edas terrenales y las celestiales. El \u00e1rbol de la vida simboliza la estabilidad de los afectos, de la familia, de la verdadera amistad, nuestras ra\u00edces, y la capacidad de crecer y \u2018dar frutos\u2019, de desarrollar nuestra potencialidad, nuestros talentos, aceptando el cambio y mejorando cada vez m\u00e1s.<\/span><\/a><\/p>\n<p>Enviamos a todo Chile o puedes retirarlo desde nuestro Showroom ubicado en Providencia, Previa cita al +56992201582<\/p>\n","protected":false},"excerpt":{"rendered":"<p>Lindo colgante de plata 950, hecho a mano Por manos Chilenas Modelo \u00e1rbol de la vida Tama\u00f1o colgante 4 CM de Di\u00e1metro Espesor colgante 8 MM Peso colgante\u00a0 8,5 GRAMOS APROXIMADO El \u00e1rbol de la vida en un collar simboliza la energ\u00eda positiva que emana de la tierra y todo lo bueno que genera el [&hellip;]<\/p>\n","protected":false},"featured_media":1027,"template":"","meta":{"pagelayer_contact_templates":[],"_pagelayer_content":""},"product_brand":[],"product_cat":[22,17],"product_tag":[],"class_list":{"0":"post-1026","1":"product","2":"type-product","3":"status-publish","4":"has-post-thumbnail","6":"product_cat-colgantesdeplata","7":"product_cat-joyasdeplata","9":"first","10":"instock","11":"shipping-taxable","12":"purchasable","13":"product-type-simple"},"_links":{"self":[{"href":"https:\/\/joyasnehgne.cl\/wp3\/wp-json\/wp\/v2\/product\/1026","targetHints":{"allow":["GET"]}}],"collection":[{"href":"https:\/\/joyasnehgne.cl\/wp3\/wp-json\/wp\/v2\/product"}],"about":[{"href":"https:\/\/joyasnehgne.cl\/wp3\/wp-json\/wp\/v2\/types\/product"}],"wp:featuredmedia":[{"embeddable":true,"href":"https:\/\/joyasnehgne.cl\/wp3\/wp-json\/wp\/v2\/media\/1027"}],"wp:attachment":[{"href":"https:\/\/joyasnehgne.cl\/wp3\/wp-json\/wp\/v2\/media?parent=1026"}],"wp:term":[{"taxonomy":"product_brand","embeddable":true,"href":"https:\/\/joyasnehgne.cl\/wp3\/wp-json\/wp\/v2\/product_brand?post=1026"},{"taxonomy":"product_cat","embeddable":true,"href":"https:\/\/joyasnehgne.cl\/wp3\/wp-json\/wp\/v2\/product_cat?post=1026"},{"taxonomy":"product_tag","embeddable":true,"href":"https:\/\/joyasnehgne.cl\/wp3\/wp-json\/wp\/v2\/product_tag?post=1026"}],"curies":[{"name":"wp","href":"https:\/\/api.w.org\/{rel}","templated":true}]}}