{"id":1013,"date":"2025-03-15T20:15:11","date_gmt":"2025-03-15T20:15:11","guid":{"rendered":"https:\/\/joyasnehgne.cl\/wp3\/?post_type=product&#038;p=1013"},"modified":"2026-02-20T19:07:38","modified_gmt":"2026-02-20T19:07:38","slug":"collar-de-plata-cccp201","status":"publish","type":"product","link":"https:\/\/joyasnehgne.cl\/wp3\/product\/collar-de-plata-cccp201\/","title":{"rendered":"COLLAR DE PLATA CCCP201"},"content":{"rendered":"<p>Collar de plata 950<\/p>\n<p>hecha a mano<\/p>\n<p>se personalizan y se hacen de la A la Z, tiempo confecci\u00f3n 3 d\u00edas h\u00e1biles<\/p>\n<p>Medida del colgante de 3 x 3 CM no incluye el valier (pasador de cadena)<\/p>\n<p>Peso colgante 6,1 gramos aproximado<\/p>\n<p>Espesor colgante 8 MM<\/p>\n<p>Env\u00edos a todo Chile o puedes retirarla desde nuestro showroom ubicado en Providencia, previa cita al +56992201582<\/p>\n","protected":false},"excerpt":{"rendered":"<p>Collar de plata 950 hecha a mano se personalizan y se hacen de la A la Z, tiempo confecci\u00f3n 3 d\u00edas h\u00e1biles Medida del colgante de 3 x 3 CM no incluye el valier (pasador de cadena) Peso colgante 6,1 gramos aproximado Espesor colgante 8 MM Env\u00edos a todo Chile o puedes retirarla desde nuestro [&hellip;]<\/p>\n","protected":false},"featured_media":1014,"template":"","meta":{"pagelayer_contact_templates":[],"_pagelayer_content":""},"product_brand":[],"product_cat":[22,50,17],"product_tag":[],"class_list":{"0":"post-1013","1":"product","2":"type-product","3":"status-publish","4":"has-post-thumbnail","6":"product_cat-colgantesdeplata","7":"product_cat-collaresdeplata","8":"product_cat-joyasdeplata","10":"first","11":"instock","12":"shipping-taxable","13":"purchasable","14":"product-type-simple"},"_links":{"self":[{"href":"https:\/\/joyasnehgne.cl\/wp3\/wp-json\/wp\/v2\/product\/1013","targetHints":{"allow":["GET"]}}],"collection":[{"href":"https:\/\/joyasnehgne.cl\/wp3\/wp-json\/wp\/v2\/product"}],"about":[{"href":"https:\/\/joyasnehgne.cl\/wp3\/wp-json\/wp\/v2\/types\/product"}],"wp:featuredmedia":[{"embeddable":true,"href":"https:\/\/joyasnehgne.cl\/wp3\/wp-json\/wp\/v2\/media\/1014"}],"wp:attachment":[{"href":"https:\/\/joyasnehgne.cl\/wp3\/wp-json\/wp\/v2\/media?parent=1013"}],"wp:term":[{"taxonomy":"product_brand","embeddable":true,"href":"https:\/\/joyasnehgne.cl\/wp3\/wp-json\/wp\/v2\/product_brand?post=1013"},{"taxonomy":"product_cat","embeddable":true,"href":"https:\/\/joyasnehgne.cl\/wp3\/wp-json\/wp\/v2\/product_cat?post=1013"},{"taxonomy":"product_tag","embeddable":true,"href":"https:\/\/joyasnehgne.cl\/wp3\/wp-json\/wp\/v2\/product_tag?post=1013"}],"curies":[{"name":"wp","href":"https:\/\/api.w.org\/{rel}","templated":true}]}}