{"id":1007,"date":"2025-03-14T00:04:04","date_gmt":"2025-03-14T00:04:04","guid":{"rendered":"https:\/\/joyasnehgne.cl\/wp3\/?post_type=product&#038;p=1007"},"modified":"2026-01-25T23:46:37","modified_gmt":"2026-01-25T23:46:37","slug":"collar-de-plata-cccp199","status":"publish","type":"product","link":"https:\/\/joyasnehgne.cl\/wp3\/product\/collar-de-plata-cccp199\/","title":{"rendered":"COLLAR DE PLATA CCCP199"},"content":{"rendered":"<p>Lindo collar de plata 950<\/p>\n<p>Hecho a mano<\/p>\n<p>Largo cadena 45 CM<\/p>\n<p>Modelo cadena Topo<\/p>\n<p>Tama\u00f1o colibr\u00ed 2,2 CM de di\u00e1metro<\/p>\n<p>Peso collar 5,1 Gramos Aproximado<\/p>\n<p><a class=\"sh-anchor\" href=\"https:\/\/www.bing.com\/ck\/a?!&amp;&amp;p=5bd24ecfaff01b33f08ecdb55d102336b4f70608283f13ccd6ef054b8fd1b660JmltdHM9MTc0MTgyNDAwMA&amp;ptn=3&amp;ver=2&amp;hsh=4&amp;fclid=0f322afd-ed61-6e2a-33bd-3f68ecc46f40&amp;u=a1aHR0cHM6Ly9tYXJpZWNsYWlyZS5jb20ubXgvY29saWJyaS1zaWduaWZpY2Fkby1lc3Bpcml0dWFsLw&amp;ntb=1\" target=\"_blank\" rel=\"noopener\" data-tg-citations=\"1;5\" data-tgpsgid=\"d_anstgsen0\">El\u00a0<strong>collar de colibr\u00ed<\/strong>\u00a0es un s\u00edmbolo lleno de magia y significado. Regalar un dije o un accesorio con forma de colibr\u00ed simboliza\u00a0<strong>devoci\u00f3n y cari\u00f1o puro<\/strong><\/a>.\u00a0<a class=\"sh-anchor\" href=\"https:\/\/www.bing.com\/ck\/a?!&amp;&amp;p=c8a0985dfaa7395e2e05b5ed150144c5e8ffcdf3292b0db60be1f53e57be4f22JmltdHM9MTc0MTgyNDAwMA&amp;ptn=3&amp;ver=2&amp;hsh=4&amp;fclid=0f322afd-ed61-6e2a-33bd-3f68ecc46f40&amp;u=a1aHR0cHM6Ly93d3cubWVsb2Rpam9sb2xhLmNvbS9lbnRyZS1hbWlnYXMvYW11bGV0by1kZS1jb2xpYnJpLXNpZ25pZmljYWRv&amp;ntb=1\" target=\"_blank\" rel=\"noopener\" data-tg-citations=\"2;3\" data-tgpsgid=\"d_anstgsen1\">El colibr\u00ed es considerado un s\u00edmbolo de\u00a0<strong>alegr\u00eda, renovaci\u00f3n y energ\u00eda vital<\/strong><\/a>.\u00a0<a class=\"sh-anchor\" href=\"https:\/\/www.bing.com\/ck\/a?!&amp;&amp;p=48c2131205292fbdf7c72e29a37f9e21371dc693a5c6488254c0a4b64234ec3bJmltdHM9MTc0MTgyNDAwMA&amp;ptn=3&amp;ver=2&amp;hsh=4&amp;fclid=0f322afd-ed61-6e2a-33bd-3f68ecc46f40&amp;u=a1aHR0cHM6Ly92aWNhcmkubXgvYmxvZ3MvYmxvZy1kZS1qb3llcmlhL2VsLXNpZ25pZmljYWRvLWRldHJhcy1kZS1sb3MtZGlqZXMtZGUtY29saWJyaS1lbi1sYS1qb3llcmlh&amp;ntb=1\" target=\"_blank\" rel=\"noopener\" data-tg-citations=\"4\" data-tgpsgid=\"d_anstgsen2\">En la cultura maya, se cre\u00eda que estos p\u00e1jaros eran\u00a0<strong>mensajeros entre el mundo humano y el espiritual<\/strong><\/a><\/p>\n<p>Enviamos a todo Chile o puedes venir a buscar a nuestro Showroom ubicado en Providencia, previa cita al +56992201582<\/p>\n","protected":false},"excerpt":{"rendered":"<p>Lindo collar de plata 950 Hecho a mano Largo cadena 45 CM Modelo cadena Topo Tama\u00f1o colibr\u00ed 2,2 CM de di\u00e1metro Peso collar 5,1 Gramos Aproximado El\u00a0collar de colibr\u00ed\u00a0es un s\u00edmbolo lleno de magia y significado. Regalar un dije o un accesorio con forma de colibr\u00ed simboliza\u00a0devoci\u00f3n y cari\u00f1o puro.\u00a0El colibr\u00ed es considerado un s\u00edmbolo [&hellip;]<\/p>\n","protected":false},"featured_media":1008,"template":"","meta":{"pagelayer_contact_templates":[],"_pagelayer_content":""},"product_brand":[],"product_cat":[50,17],"product_tag":[],"class_list":{"0":"post-1007","1":"product","2":"type-product","3":"status-publish","4":"has-post-thumbnail","6":"product_cat-collaresdeplata","7":"product_cat-joyasdeplata","9":"first","10":"instock","11":"shipping-taxable","12":"purchasable","13":"product-type-simple"},"_links":{"self":[{"href":"https:\/\/joyasnehgne.cl\/wp3\/wp-json\/wp\/v2\/product\/1007","targetHints":{"allow":["GET"]}}],"collection":[{"href":"https:\/\/joyasnehgne.cl\/wp3\/wp-json\/wp\/v2\/product"}],"about":[{"href":"https:\/\/joyasnehgne.cl\/wp3\/wp-json\/wp\/v2\/types\/product"}],"wp:featuredmedia":[{"embeddable":true,"href":"https:\/\/joyasnehgne.cl\/wp3\/wp-json\/wp\/v2\/media\/1008"}],"wp:attachment":[{"href":"https:\/\/joyasnehgne.cl\/wp3\/wp-json\/wp\/v2\/media?parent=1007"}],"wp:term":[{"taxonomy":"product_brand","embeddable":true,"href":"https:\/\/joyasnehgne.cl\/wp3\/wp-json\/wp\/v2\/product_brand?post=1007"},{"taxonomy":"product_cat","embeddable":true,"href":"https:\/\/joyasnehgne.cl\/wp3\/wp-json\/wp\/v2\/product_cat?post=1007"},{"taxonomy":"product_tag","embeddable":true,"href":"https:\/\/joyasnehgne.cl\/wp3\/wp-json\/wp\/v2\/product_tag?post=1007"}],"curies":[{"name":"wp","href":"https:\/\/api.w.org\/{rel}","templated":true}]}}